{"id":12,"date":"2013-06-10T23:56:47","date_gmt":"2013-06-10T23:56:47","guid":{"rendered":"http:\/\/www.terapiadejuego.com\/cms\/?page_id=12"},"modified":"2022-03-25T05:07:29","modified_gmt":"2022-03-25T05:07:29","slug":"quienes-somos","status":"publish","type":"page","link":"https:\/\/www.terapiadejuego.com\/cms\/quienes-somos\/","title":{"rendered":"Qui\u00e9nes Somos"},"content":{"rendered":"\n<figure class=\"wp-block-image\"><img loading=\"lazy\" decoding=\"async\" width=\"380\" height=\"246\" src=\"http:\/\/www.terapiadejuego.com\/cms\/wp-content\/uploads\/2013\/06\/mision.png\" alt=\"mision\" class=\"wp-image-566\" srcset=\"https:\/\/www.terapiadejuego.com\/cms\/wp-content\/uploads\/2013\/06\/mision.png 380w, https:\/\/www.terapiadejuego.com\/cms\/wp-content\/uploads\/2013\/06\/mision-300x194.png 300w\" sizes=\"auto, (max-width: 380px) 100vw, 380px\" \/><\/figure>\n\n\n\n<figure class=\"wp-block-image\"><a href=\"http:\/\/www.terapiadejuego.com\/cms\/quienes-somos\/vision\/\"><img loading=\"lazy\" decoding=\"async\" width=\"380\" height=\"246\" src=\"http:\/\/www.terapiadejuego.com\/cms\/wp-content\/uploads\/2013\/06\/vision.png\" alt=\"vision\" class=\"wp-image-567\" srcset=\"https:\/\/www.terapiadejuego.com\/cms\/wp-content\/uploads\/2013\/06\/vision.png 380w, https:\/\/www.terapiadejuego.com\/cms\/wp-content\/uploads\/2013\/06\/vision-300x194.png 300w\" sizes=\"auto, (max-width: 380px) 100vw, 380px\" \/><\/a><\/figure>\n\n\n\n<figure class=\"wp-block-image\"><img loading=\"lazy\" decoding=\"async\" width=\"380\" height=\"246\" src=\"http:\/\/www.terapiadejuego.com\/cms\/wp-content\/uploads\/2013\/06\/valores.png\" alt=\"valores\" class=\"wp-image-568\" srcset=\"https:\/\/www.terapiadejuego.com\/cms\/wp-content\/uploads\/2013\/06\/valores.png 380w, https:\/\/www.terapiadejuego.com\/cms\/wp-content\/uploads\/2013\/06\/valores-300x194.png 300w\" sizes=\"auto, (max-width: 380px) 100vw, 380px\" \/><\/figure>\n\n\n\n<p class=\"has-text-align-center\">&nbsp;<a title=\"Misi\u00f3n\" href=\"http:\/\/www.terapiadejuego.com\/cms\/quienes-somos\/mision\/\"> &nbsp; &nbsp; &nbsp; &nbsp; &nbsp; &nbsp;<\/a> <a title=\"Valores\" href=\"http:\/\/www.terapiadejuego.com\/cms\/quienes-somos\/valores\/\">&nbsp;&nbsp;&nbsp;&nbsp;&nbsp;&nbsp;&nbsp;&nbsp;&nbsp;&nbsp;&nbsp;&nbsp;&nbsp; <\/a><\/p>\n\n\n\n<p><span style=\"font-size: 18px;\"><span style=\"color: #000000;\">En el a\u00f1o 2001 se cre\u00f3 la&nbsp; Asociaci\u00f3n Mexicana de Psicoterapi<\/span><span style=\"color: #000000;\">a de Juego, A.C. Es una asociaci\u00f3n civil sin fines de lucro que est\u00e1 constitu\u00edda por profesionales de la salud mental abocados a:<br \/><\/span><\/span><\/p>\n\n\n\n<ul class=\"wp-block-list\"><li><span style=\"color: #003366; font-size: 18px;\"><strong>La formaci\u00f3n de Terapeutas de Juego capacitados con las herramientas te\u00f3ricas, t\u00e9cnicas, metodol\u00f3gicas y \u00e9ticas necesarias para un desempe\u00f1o profesional de alta calidad.<\/strong><\/span><\/li><li><span style=\"color: #003366; font-size: 18px;\"><strong>Ofrecer tratamiento con Terapia de Juego a ni\u00f1os y adolescentes que presenten diversos problemas emocionales.<\/strong><\/span><\/li><li><span style=\"color: #008080; font-size: 18px;\"><strong>Agremiar a terapeutas que utilizan el juego como herramienta de trabajo y dar atenci\u00f3n a ni\u00f1os y adolescentes.<\/strong><\/span><\/li><li><span style=\"color: #008080; font-size: 18px;\"><strong>Capacitar personal docente en cuanto al apoyo del ni\u00f1o y adolescente dentro del aula.<\/strong><\/span><\/li><li><span style=\"color: #33cccc; font-size: 18px;\"><strong>Orientar a padres de familia para favorecer el sano desarrollo emocional y relaciones sociales del ni\u00f1o o adolescente.<\/strong><\/span><\/li><li><span style=\"color: #33cccc; font-size: 18px;\"><strong>Promover la investigaci\u00f3n a trav\u00e9s de la Terapia de Juego.<\/strong><\/span><\/li><\/ul>\n\n\n\n<p><span style=\"color: #000000; font-size: 18px;\">&nbsp; &nbsp;La Asociaci\u00f3n cuenta con un equipo especializado&nbsp; y certificado para realizar evaluaciones y tratamiento psicol\u00f3gico mediante el<strong> JUEGO<\/strong> a ni\u00f1os, adolescentes y a sus familias. Privilegia el<strong> JUEGO<\/strong> como una t\u00e9cnica de tratamiento para apoyar en las siguientes situaciones:<\/span><\/p>\n\n\n\n<ul class=\"has-medium-font-size wp-block-list\"><li>\u00a0<span style=\"color: #3366ff;\"><strong>P\u00e9rdidas afectivas<\/strong><\/span><\/li><li><span style=\"color: #3366ff;\"><strong>Dificultades de aprendizaje<\/strong><\/span><\/li><li><span style=\"color: #3366ff;\"><strong>Problemas de conducta<\/strong><\/span><\/li><li><span style=\"color: #3366ff;\"><strong>Ansiedad<\/strong><\/span><\/li><li><span style=\"color: #3366ff;\"><strong>Problemas del desarrollo<\/strong><\/span><\/li><li><span style=\"color: #3366ff;\"><strong>Dificultades de socializaci\u00f3n<\/strong><\/span><\/li><li><span style=\"color: #3366ff;\"><strong>Abuso sexual<\/strong><\/span><\/li><li><span style=\"color: #3366ff;\"><strong>Maltrato<\/strong><\/span><\/li><li><span style=\"color: #3366ff;\"><strong>Bullying<\/strong><\/span><\/li><li><span style=\"color: #3366ff;\"><strong>entre otros&#8230;<\/strong><\/span><\/li><\/ul>\n","protected":false},"excerpt":{"rendered":"<p>&nbsp; &nbsp; &nbsp; &nbsp; &nbsp; &nbsp; &nbsp; &nbsp;&nbsp;&nbsp;&nbsp;&nbsp;&nbsp;&nbsp;&nbsp;&nbsp;&nbsp;&nbsp;&nbsp;&nbsp; En el a\u00f1o 2001 se cre\u00f3 la&nbsp; Asociaci\u00f3n Mexicana de Psicoterapia de Juego, A.C. Es una asociaci\u00f3n civil sin fines de lucro que est\u00e1 constitu\u00edda por profesionales de la salud mental abocados a: La formaci\u00f3n de Terapeutas de Juego capacitados con las herramientas te\u00f3ricas, t\u00e9cnicas, metodol\u00f3gicas y&hellip;<\/p>\n<p class=\"more-link\"><a href=\"https:\/\/www.terapiadejuego.com\/cms\/quienes-somos\/\" class=\"themebutton2\">Leer m\u00e1s<\/a><\/p>\n","protected":false},"author":5,"featured_media":0,"parent":0,"menu_order":2,"comment_status":"closed","ping_status":"closed","template":"","meta":{"footnotes":""},"class_list":["post-12","page","type-page","status-publish","hentry"],"_links":{"self":[{"href":"https:\/\/www.terapiadejuego.com\/cms\/wp-json\/wp\/v2\/pages\/12","targetHints":{"allow":["GET"]}}],"collection":[{"href":"https:\/\/www.terapiadejuego.com\/cms\/wp-json\/wp\/v2\/pages"}],"about":[{"href":"https:\/\/www.terapiadejuego.com\/cms\/wp-json\/wp\/v2\/types\/page"}],"author":[{"embeddable":true,"href":"https:\/\/www.terapiadejuego.com\/cms\/wp-json\/wp\/v2\/users\/5"}],"replies":[{"embeddable":true,"href":"https:\/\/www.terapiadejuego.com\/cms\/wp-json\/wp\/v2\/comments?post=12"}],"version-history":[{"count":38,"href":"https:\/\/www.terapiadejuego.com\/cms\/wp-json\/wp\/v2\/pages\/12\/revisions"}],"predecessor-version":[{"id":2004,"href":"https:\/\/www.terapiadejuego.com\/cms\/wp-json\/wp\/v2\/pages\/12\/revisions\/2004"}],"wp:attachment":[{"href":"https:\/\/www.terapiadejuego.com\/cms\/wp-json\/wp\/v2\/media?parent=12"}],"curies":[{"name":"wp","href":"https:\/\/api.w.org\/{rel}","templated":true}]}}